{"id":12015,"date":"2017-11-28T09:01:03","date_gmt":"2017-11-28T01:01:03","guid":{"rendered":"http:\/\/www.lucie-guyard.com\/blog\/?page_id=12015"},"modified":"2017-11-28T09:05:46","modified_gmt":"2017-11-28T01:05:46","slug":"asie","status":"publish","type":"page","link":"http:\/\/www.lucie-guyard.com\/blog\/voyages\/asie\/","title":{"rendered":"ASIE"},"content":{"rendered":"                <div class=\"loop-wrap loop-3-column-wrap\">\n                    <div class=\"entries blog-entries loop loop-3-column no-sidebar clearfix\">\n                        <div id=\"post-11559\" class=\"entry span4\">\n                            <div class=\"entry-content\">\n                                <div class=\"featured-media-wrap ts-fade-in  ts-featured-media-standard\"><div class=\"featured-photo  yes\"><a href=\"http:\/\/www.lucie-guyard.com\/blog\/jiufen-sources-chaudes-marche-de-nuit-tchang-kai-chek-et-omelette-aux-huitres-bienvenue-a-taiwan\/\" class=\"featured-photo-link hover-color\"><img decoding=\"async\" src=\"http:\/\/www.lucie-guyard.com\/blog\/wp-content\/uploads\/2017\/08\/AD-480x270.jpg\" alt=\"\" width=\"480\"\/><\/a><\/div>\n<\/div>   \n                                <div class=\"title-date clearfix\">\n                                    <div class=\"title-info\">                                    \n                                        <h4  class=\"title-h \"><a href=\"http:\/\/www.lucie-guyard.com\/blog\/jiufen-sources-chaudes-marche-de-nuit-tchang-kai-chek-et-omelette-aux-huitres-bienvenue-a-taiwan\/\">Jiufen, sources chaudes, march\u00e9 de nuit, Tchang\u00a0Kai-chek et omelette aux huitres&#8230; bienvenue \u00e0 Taiwan !<\/a><\/h4>\n                                                                                <div class=\"entry-info post-entry-info\"><p class=\"smaller uppercase \"><span class=\"meta-item meta-item-author\"><a href=\"http:\/\/www.lucie-guyard.com\/blog\/author\/laptiteluquiblog\/\">LaPtiteLu<\/a><\/span><span class=\"meta-item meta-item-date\">ao\u00fbt 23<\/span><\/p><\/div>\n                                                                            <\/div>\n                                <\/div>    \n                                <div class=\"post\">\n                                    <p class=\"\">Il y a un petit moment d\u00e9j\u00e0, nous sommes partis en vacances \u00e0 Taiwan. Ce petit morceau de Chine rescap\u00e9 du communisme nous attirait beaucoup et...<\/p>\n                                                                        <div class=\"read-more-wrap \">\n                                        <div class=\"read-more mimic-smaller uppercase\"><div class=\"wpautop-fix\"><a href=\"http:\/\/www.lucie-guyard.com\/blog\/jiufen-sources-chaudes-marche-de-nuit-tchang-kai-chek-et-omelette-aux-huitres-bienvenue-a-taiwan\/\">Read more<\/a><\/div><\/div>\n                                    <\/div>\n                                                                    <\/div>\n                            <\/div>\n                        <\/div>\n                        <div id=\"post-11192\" class=\"entry span4\">\n                            <div class=\"entry-content\">\n                                <div class=\"featured-media-wrap ts-fade-in  ts-featured-media-standard\"><div class=\"featured-photo  yes\"><a href=\"http:\/\/www.lucie-guyard.com\/blog\/perdue-dans-les-bambous\/\" class=\"featured-photo-link hover-color\"><img decoding=\"async\" src=\"http:\/\/www.lucie-guyard.com\/blog\/wp-content\/uploads\/2017\/04\/8-480x270.jpg\" alt=\"\" width=\"480\"\/><\/a><\/div>\n<\/div>   \n                                <div class=\"title-date clearfix\">\n                                    <div class=\"title-info\">                                    \n                                        <h4  class=\"title-h \"><a href=\"http:\/\/www.lucie-guyard.com\/blog\/perdue-dans-les-bambous\/\">Perdue dans les bambous<\/a><\/h4>\n                                                                                <div class=\"entry-info post-entry-info\"><p class=\"smaller uppercase \"><span class=\"meta-item meta-item-author\"><a href=\"http:\/\/www.lucie-guyard.com\/blog\/author\/laptiteluquiblog\/\">LaPtiteLu<\/a><\/span><span class=\"meta-item meta-item-date\">avril 12<\/span><\/p><\/div>\n                                                                            <\/div>\n                                <\/div>    \n                                <div class=\"post\">\n                                    <p class=\"\">Il y a quelques semaines,\u00a0invit\u00e9e par l&rsquo;agence de voyage Thomas Cook, je suis all\u00e9e \u00e0 Moganshan avec une dizaine d&rsquo;autres bloggers. D\u00e9s qu&rsquo;il...<\/p>\n                                                                        <div class=\"read-more-wrap \">\n                                        <div class=\"read-more mimic-smaller uppercase\"><div class=\"wpautop-fix\"><a href=\"http:\/\/www.lucie-guyard.com\/blog\/perdue-dans-les-bambous\/\">Read more<\/a><\/div><\/div>\n                                    <\/div>\n                                                                    <\/div>\n                            <\/div>\n                        <\/div>\n                        <div id=\"post-10033\" class=\"entry span4\">\n                            <div class=\"entry-content\">\n                                <div class=\"featured-media-wrap ts-fade-in  ts-featured-media-standard\"><div class=\"featured-photo  yes\"><a href=\"http:\/\/www.lucie-guyard.com\/blog\/escapade-a-gulangyu-lile-de-la-musique\/\" class=\"featured-photo-link hover-color\"><img decoding=\"async\" src=\"http:\/\/www.lucie-guyard.com\/blog\/wp-content\/uploads\/2016\/08\/gulangyu10-480x270.jpg\" alt=\"\" width=\"480\"\/><\/a><\/div>\n<\/div>   \n                                <div class=\"title-date clearfix\">\n                                    <div class=\"title-info\">                                    \n                                        <h4  class=\"title-h \"><a href=\"http:\/\/www.lucie-guyard.com\/blog\/escapade-a-gulangyu-lile-de-la-musique\/\">Escapade \u00e0 Gulangyu, l&rsquo;\u00eele de la musique<\/a><\/h4>\n                                                                                <div class=\"entry-info post-entry-info\"><p class=\"smaller uppercase \"><span class=\"meta-item meta-item-author\"><a href=\"http:\/\/www.lucie-guyard.com\/blog\/author\/laptiteluquiblog\/\">LaPtiteLu<\/a><\/span><span class=\"meta-item meta-item-date\">ao\u00fbt 11<\/span><\/p><\/div>\n                                                                            <\/div>\n                                <\/div>    \n                                <div class=\"post\">\n                                    <p class=\"\">R\u00e9cemment, nous avons fait le constat que nous ne voyagions jamais en Chine&#8230; et que c&rsquo;\u00e9tait bien dommage. Tr\u00e8s dommage, car ce pays a de magnifiques endroits...<\/p>\n                                                                        <div class=\"read-more-wrap \">\n                                        <div class=\"read-more mimic-smaller uppercase\"><div class=\"wpautop-fix\"><a href=\"http:\/\/www.lucie-guyard.com\/blog\/escapade-a-gulangyu-lile-de-la-musique\/\">Read more<\/a><\/div><\/div>\n                                    <\/div>\n                                                                    <\/div>\n                            <\/div>\n                        <\/div>\n                        <div class=\"clear\"><\/div>                        \n                        <div id=\"post-8938\" class=\"entry span4\">\n                            <div class=\"entry-content\">\n                                <div class=\"featured-media-wrap ts-fade-in  ts-featured-media-standard\"><div class=\"featured-photo  yes\"><a href=\"http:\/\/www.lucie-guyard.com\/blog\/visite-de-shanghai-a-velo-avec-culture-shock\/\" class=\"featured-photo-link hover-color\"><img decoding=\"async\" src=\"http:\/\/www.lucie-guyard.com\/blog\/wp-content\/uploads\/2015\/09\/041-480x270.jpg\" alt=\"\" width=\"480\"\/><\/a><\/div>\n<\/div>   \n                                <div class=\"title-date clearfix\">\n                                    <div class=\"title-info\">                                    \n                                        <h4  class=\"title-h \"><a href=\"http:\/\/www.lucie-guyard.com\/blog\/visite-de-shanghai-a-velo-avec-culture-shock\/\">Visite de Shanghai \u00e0 v\u00e9lo avec Culture Shock<\/a><\/h4>\n                                                                                <div class=\"entry-info post-entry-info\"><p class=\"smaller uppercase \"><span class=\"meta-item meta-item-author\"><a href=\"http:\/\/www.lucie-guyard.com\/blog\/author\/laptiteluquiblog\/\">LaPtiteLu<\/a><\/span><span class=\"meta-item meta-item-date\">septembre 9<\/span><\/p><\/div>\n                                                                            <\/div>\n                                <\/div>    \n                                <div class=\"post\">\n                                    <p class=\"\">J&rsquo;ai beau habiter \u00e0 Shanghai depuis 5 ans,\u00a0je n&rsquo;aurai jamais fini de d\u00e9couvrir de nouveaux endroits.\n\u00c7a a \u00e9t\u00e9 le cas lors d&rsquo;un tour \u00e0 v\u00e9lo organis\u00e9 par...<\/p>\n                                                                        <div class=\"read-more-wrap \">\n                                        <div class=\"read-more mimic-smaller uppercase\"><div class=\"wpautop-fix\"><a href=\"http:\/\/www.lucie-guyard.com\/blog\/visite-de-shanghai-a-velo-avec-culture-shock\/\">Read more<\/a><\/div><\/div>\n                                    <\/div>\n                                                                    <\/div>\n                            <\/div>\n                        <\/div>\n                        <div id=\"post-8610\" class=\"entry span4\">\n                            <div class=\"entry-content\">\n                                <div class=\"featured-media-wrap ts-fade-in  ts-featured-media-standard\"><div class=\"featured-photo  yes\"><a href=\"http:\/\/www.lucie-guyard.com\/blog\/kinosaki-onsen-au-coeur-de-la-tradition-japonaise\/\" class=\"featured-photo-link hover-color\"><img decoding=\"async\" src=\"http:\/\/www.lucie-guyard.com\/blog\/wp-content\/uploads\/2015\/06\/cover10-1024x569-480x270.jpg\" alt=\"\" width=\"480\"\/><\/a><\/div>\n<\/div>   \n                                <div class=\"title-date clearfix\">\n                                    <div class=\"title-info\">                                    \n                                        <h4  class=\"title-h \"><a href=\"http:\/\/www.lucie-guyard.com\/blog\/kinosaki-onsen-au-coeur-de-la-tradition-japonaise\/\">Kinosaki Onsen, au c\u0153ur de la tradition japonaise<\/a><\/h4>\n                                                                                <div class=\"entry-info post-entry-info\"><p class=\"smaller uppercase \"><span class=\"meta-item meta-item-author\"><a href=\"http:\/\/www.lucie-guyard.com\/blog\/author\/laptiteluquiblog\/\">LaPtiteLu<\/a><\/span><span class=\"meta-item meta-item-date\">juillet 1<\/span><\/p><\/div>\n                                                                            <\/div>\n                                <\/div>    \n                                <div class=\"post\">\n                                    <p class=\"\">La derni\u00e8re fois, je vous racontais notre petit s\u00e9jour \u00e0 Kyoto.\u00a0Aujourd&rsquo;hui je vais vous parler de Kinosaki Onsen, la seconde \u00e9tape de notre voyage au...<\/p>\n                                                                        <div class=\"read-more-wrap \">\n                                        <div class=\"read-more mimic-smaller uppercase\"><div class=\"wpautop-fix\"><a href=\"http:\/\/www.lucie-guyard.com\/blog\/kinosaki-onsen-au-coeur-de-la-tradition-japonaise\/\">Read more<\/a><\/div><\/div>\n                                    <\/div>\n                                                                    <\/div>\n                            <\/div>\n                        <\/div>\n                        <div id=\"post-8427\" class=\"entry span4\">\n                            <div class=\"entry-content\">\n                                <div class=\"featured-media-wrap ts-fade-in  ts-featured-media-standard\"><div class=\"featured-photo  yes\"><a href=\"http:\/\/www.lucie-guyard.com\/blog\/kyoto-capitale-de-la-paix-et-de-la-tranquillite\/\" class=\"featured-photo-link hover-color\"><img decoding=\"async\" src=\"http:\/\/www.lucie-guyard.com\/blog\/wp-content\/uploads\/2015\/06\/cover8-1024x569-480x270.jpg\" alt=\"\" width=\"480\"\/><\/a><\/div>\n<\/div>   \n                                <div class=\"title-date clearfix\">\n                                    <div class=\"title-info\">                                    \n                                        <h4  class=\"title-h \"><a href=\"http:\/\/www.lucie-guyard.com\/blog\/kyoto-capitale-de-la-paix-et-de-la-tranquillite\/\">Kyoto, capitale de la paix et de la tranquillit\u00e9<\/a><\/h4>\n                                                                                <div class=\"entry-info post-entry-info\"><p class=\"smaller uppercase \"><span class=\"meta-item meta-item-author\"><a href=\"http:\/\/www.lucie-guyard.com\/blog\/author\/laptiteluquiblog\/\">LaPtiteLu<\/a><\/span><span class=\"meta-item meta-item-date\">juin 24<\/span><\/p><\/div>\n                                                                            <\/div>\n                                <\/div>    \n                                <div class=\"post\">\n                                    <p class=\"\">En Mai, ma maman est venue me rendre visite \u00e0 Shanghai. Comme je lui avais d\u00e9j\u00e0 fait visiter un tout petit bout de Chine la premi\u00e8re fois qu&rsquo;elle est venue...<\/p>\n                                                                        <div class=\"read-more-wrap \">\n                                        <div class=\"read-more mimic-smaller uppercase\"><div class=\"wpautop-fix\"><a href=\"http:\/\/www.lucie-guyard.com\/blog\/kyoto-capitale-de-la-paix-et-de-la-tranquillite\/\">Read more<\/a><\/div><\/div>\n                                    <\/div>\n                                                                    <\/div>\n                            <\/div>\n                        <\/div>\n                        <div class=\"clear\"><\/div>                        \n                    <\/div>\n                    <div class=\"divider-shortcode divider\"><\/div><div class=\"pagination-wrap\"><p class=\"pagination clearfix\"><span class=\"subtle-text-color\"><i class=\"fa fa-angle-double-left\"><\/i><\/span><span class=\"subtle-text-color\"><i class=\"fa fa-angle-left\"><\/i><\/span><a href=\"http:\/\/www.lucie-guyard.com\/blog\/wp-json\/wp\/v2\/pages\/12015\/\" class=\"active\"><strong>1<\/strong><\/a><a href=\"http:\/\/www.lucie-guyard.com\/blog\/wp-json\/wp\/v2\/pages\/12015\/page\/2\/\" class=\"\">2<\/a><a href=\"http:\/\/www.lucie-guyard.com\/blog\/wp-json\/wp\/v2\/pages\/12015\/page\/3\/\" class=\"\">3<\/a><a href=\"http:\/\/www.lucie-guyard.com\/blog\/wp-json\/wp\/v2\/pages\/12015\/page\/4\/\" class=\"\">4<\/a><a href=\"http:\/\/www.lucie-guyard.com\/blog\/wp-json\/wp\/v2\/pages\/12015\/page\/5\/\" class=\"\">5<\/a><a href=\"http:\/\/www.lucie-guyard.com\/blog\/wp-json\/wp\/v2\/pages\/12015\/page\/2\/\" ><i class=\"fa fa-angle-right\"><\/i><\/a><a href=\"http:\/\/www.lucie-guyard.com\/blog\/wp-json\/wp\/v2\/pages\/12015\/page\/5\/\"><i class=\"fa fa-angle-double-right\"><\/i><\/a><\/p><\/div>                <\/div>\n\n\n<!-- Facebook Like Button Vivacity Infotech BEGIN -->\n<div class=\"fb-like\" data-href=\"http:\/\/www.lucie-guyard.com\/blog\/voyages\/asie\/\" data-layout=\"standard\" data-action=\"like\" data-show-faces=\"false\" data-size=\"small\" data-width=\"450\" data-share=\"\" ><\/div>\n<!-- Facebook Like Button Vivacity Infotech END -->\n","protected":false},"excerpt":{"rendered":"","protected":false},"author":1,"featured_media":0,"parent":8044,"menu_order":1,"comment_status":"closed","ping_status":"closed","template":"","meta":{"footnotes":""},"class_list":["post-12015","page","type-page","status-publish","hentry"],"_links":{"self":[{"href":"http:\/\/www.lucie-guyard.com\/blog\/wp-json\/wp\/v2\/pages\/12015","targetHints":{"allow":["GET"]}}],"collection":[{"href":"http:\/\/www.lucie-guyard.com\/blog\/wp-json\/wp\/v2\/pages"}],"about":[{"href":"http:\/\/www.lucie-guyard.com\/blog\/wp-json\/wp\/v2\/types\/page"}],"author":[{"embeddable":true,"href":"http:\/\/www.lucie-guyard.com\/blog\/wp-json\/wp\/v2\/users\/1"}],"replies":[{"embeddable":true,"href":"http:\/\/www.lucie-guyard.com\/blog\/wp-json\/wp\/v2\/comments?post=12015"}],"version-history":[{"count":0,"href":"http:\/\/www.lucie-guyard.com\/blog\/wp-json\/wp\/v2\/pages\/12015\/revisions"}],"up":[{"embeddable":true,"href":"http:\/\/www.lucie-guyard.com\/blog\/wp-json\/wp\/v2\/pages\/8044"}],"wp:attachment":[{"href":"http:\/\/www.lucie-guyard.com\/blog\/wp-json\/wp\/v2\/media?parent=12015"}],"curies":[{"name":"wp","href":"https:\/\/api.w.org\/{rel}","templated":true}]}}