{"id":8044,"date":"2015-04-06T18:04:29","date_gmt":"2015-04-06T10:04:29","guid":{"rendered":"http:\/\/www.lucie-guyard.com\/blog\/?page_id=8044"},"modified":"2017-11-28T08:56:21","modified_gmt":"2017-11-28T00:56:21","slug":"voyages","status":"publish","type":"page","link":"http:\/\/www.lucie-guyard.com\/blog\/voyages\/","title":{"rendered":"VOYAGES"},"content":{"rendered":"                <div class=\"loop-wrap loop-masonry-wrap loop-masonry-cards-wrap\">\n                    <div class=\"entries loop blog-entries loop-masonry loop-masonry-cards masonry-cards no-sidebar clearfix\">\n                        <div id=\"post-11559\" class=\"entry masonry-entry span4\">\n                            <div class=\"entry-content\">\n                                <div class=\"featured-media-wrap ts-fade-in  ts-featured-media-standard\"><div class=\"featured-photo  yes\"><a href=\"http:\/\/www.lucie-guyard.com\/blog\/jiufen-sources-chaudes-marche-de-nuit-tchang-kai-chek-et-omelette-aux-huitres-bienvenue-a-taiwan\/\" class=\"featured-photo-link hover-color\"><img decoding=\"async\" src=\"http:\/\/www.lucie-guyard.com\/blog\/wp-content\/uploads\/2017\/08\/AD-480x272.jpg\" alt=\"\" width=\"480\"\/><\/a><\/div>\n<\/div>  \n                                <div class=\"entry-content-inner\">\n                                    <div class=\"title-date\">\n                                        <div class=\"title-info\">                                    \n                                            <h4 class=\"title-h \"><a href=\"http:\/\/www.lucie-guyard.com\/blog\/jiufen-sources-chaudes-marche-de-nuit-tchang-kai-chek-et-omelette-aux-huitres-bienvenue-a-taiwan\/\">Jiufen, sources chaudes, march\u00e9 de nuit, Tchang\u00a0Kai-chek et omelette aux huitres&#8230; bienvenue \u00e0 Taiwan !<\/a><\/h4>\n                                                                                        <p class=\" smaller uppercase other\"><span class=\"meta-item meta-item-author\"><a href=\"http:\/\/www.lucie-guyard.com\/blog\/author\/laptiteluquiblog\/\">LaPtiteLu<\/a><\/span><span class=\"meta-item meta-item-date\">ao\u00fbt 23<\/span><\/p>\n                                                                                    <\/div>\n                                    <\/div>\n                                    <div class=\"post\">                                        \n                                        <p class=\"\">Il y a un petit moment d\u00e9j\u00e0, nous sommes partis en vacances \u00e0 Taiwan. Ce petit morceau de Chine resc&hellip;<\/p>\n                                    <\/div>\n                                                                        <div class=\"read-more mimic-smaller uppercase\"><p class=\" more-details\"><a href=\"http:\/\/www.lucie-guyard.com\/blog\/jiufen-sources-chaudes-marche-de-nuit-tchang-kai-chek-et-omelette-aux-huitres-bienvenue-a-taiwan\/\">Read More<\/a><\/p><\/div>\n                                                                    <\/div>\n                            <\/div>\n                            <div class=\"card-butt\"><p>&nbsp;<\/p><\/div>\n                        <\/div>\n                        <div id=\"post-11192\" class=\"entry masonry-entry span4\">\n                            <div class=\"entry-content\">\n                                <div class=\"featured-media-wrap ts-fade-in  ts-featured-media-standard\"><div class=\"featured-photo  yes\"><a href=\"http:\/\/www.lucie-guyard.com\/blog\/perdue-dans-les-bambous\/\" class=\"featured-photo-link hover-color\"><img decoding=\"async\" src=\"http:\/\/www.lucie-guyard.com\/blog\/wp-content\/uploads\/2017\/04\/8-480x272.jpg\" alt=\"\" width=\"480\"\/><\/a><\/div>\n<\/div>  \n                                <div class=\"entry-content-inner\">\n                                    <div class=\"title-date\">\n                                        <div class=\"title-info\">                                    \n                                            <h4 class=\"title-h \"><a href=\"http:\/\/www.lucie-guyard.com\/blog\/perdue-dans-les-bambous\/\">Perdue dans les bambous<\/a><\/h4>\n                                                                                        <p class=\" smaller uppercase other\"><span class=\"meta-item meta-item-author\"><a href=\"http:\/\/www.lucie-guyard.com\/blog\/author\/laptiteluquiblog\/\">LaPtiteLu<\/a><\/span><span class=\"meta-item meta-item-date\">avril 12<\/span><\/p>\n                                                                                    <\/div>\n                                    <\/div>\n                                    <div class=\"post\">                                        \n                                        <p class=\"\">Il y a quelques semaines,\u00a0invit\u00e9e par l&rsquo;agence de voyage Thomas Cook, je suis all\u00e9e \u00e0 Moganshan avec&hellip;<\/p>\n                                    <\/div>\n                                                                        <div class=\"read-more mimic-smaller uppercase\"><p class=\" more-details\"><a href=\"http:\/\/www.lucie-guyard.com\/blog\/perdue-dans-les-bambous\/\">Read More<\/a><\/p><\/div>\n                                                                    <\/div>\n                            <\/div>\n                            <div class=\"card-butt\"><p>&nbsp;<\/p><\/div>\n                        <\/div>\n                        <div id=\"post-10033\" class=\"entry masonry-entry span4\">\n                            <div class=\"entry-content\">\n                                <div class=\"featured-media-wrap ts-fade-in  ts-featured-media-standard\"><div class=\"featured-photo  yes\"><a href=\"http:\/\/www.lucie-guyard.com\/blog\/escapade-a-gulangyu-lile-de-la-musique\/\" class=\"featured-photo-link hover-color\"><img decoding=\"async\" src=\"http:\/\/www.lucie-guyard.com\/blog\/wp-content\/uploads\/2016\/08\/gulangyu10-480x272.jpg\" alt=\"\" width=\"480\"\/><\/a><\/div>\n<\/div>  \n                                <div class=\"entry-content-inner\">\n                                    <div class=\"title-date\">\n                                        <div class=\"title-info\">                                    \n                                            <h4 class=\"title-h \"><a href=\"http:\/\/www.lucie-guyard.com\/blog\/escapade-a-gulangyu-lile-de-la-musique\/\">Escapade \u00e0 Gulangyu, l&rsquo;\u00eele de la musique<\/a><\/h4>\n                                                                                        <p class=\" smaller uppercase other\"><span class=\"meta-item meta-item-author\"><a href=\"http:\/\/www.lucie-guyard.com\/blog\/author\/laptiteluquiblog\/\">LaPtiteLu<\/a><\/span><span class=\"meta-item meta-item-date\">ao\u00fbt 11<\/span><\/p>\n                                                                                    <\/div>\n                                    <\/div>\n                                    <div class=\"post\">                                        \n                                        <p class=\"\">R\u00e9cemment, nous avons fait le constat que nous ne voyagions jamais en Chine&#8230; et que c&rsquo;\u00e9tait bien dom&hellip;<\/p>\n                                    <\/div>\n                                                                        <div class=\"read-more mimic-smaller uppercase\"><p class=\" more-details\"><a href=\"http:\/\/www.lucie-guyard.com\/blog\/escapade-a-gulangyu-lile-de-la-musique\/\">Read More<\/a><\/p><\/div>\n                                                                    <\/div>\n                            <\/div>\n                            <div class=\"card-butt\"><p>&nbsp;<\/p><\/div>\n                        <\/div>\n                        <div id=\"post-9449\" class=\"entry masonry-entry span4\">\n                            <div class=\"entry-content\">\n                                <div class=\"featured-media-wrap ts-fade-in  ts-featured-media-standard\"><div class=\"featured-photo  yes\"><a href=\"http:\/\/www.lucie-guyard.com\/blog\/voyage-au-pole-nord-en-photo\/\" class=\"featured-photo-link hover-color\"><img decoding=\"async\" src=\"http:\/\/www.lucie-guyard.com\/blog\/wp-content\/uploads\/2016\/06\/26-480x292.jpg\" alt=\"\" width=\"480\"\/><\/a><\/div>\n<\/div>  \n                                <div class=\"entry-content-inner\">\n                                    <div class=\"title-date\">\n                                        <div class=\"title-info\">                                    \n                                            <h4 class=\"title-h \"><a href=\"http:\/\/www.lucie-guyard.com\/blog\/voyage-au-pole-nord-en-photo\/\">Voyage au P\u00f4le Nord en photo<\/a><\/h4>\n                                                                                        <p class=\" smaller uppercase other\"><span class=\"meta-item meta-item-author\"><a href=\"http:\/\/www.lucie-guyard.com\/blog\/author\/laptiteluquiblog\/\">LaPtiteLu<\/a><\/span><span class=\"meta-item meta-item-date\">juin 20<\/span><\/p>\n                                                                                    <\/div>\n                                    <\/div>\n                                    <div class=\"post\">                                        \n                                        <p class=\"\">Je vous ai montr\u00e9 la version BD, voici maintenant quelques photos de ce voyage extraordinaire. Oui e&hellip;<\/p>\n                                    <\/div>\n                                                                        <div class=\"read-more mimic-smaller uppercase\"><p class=\" more-details\"><a href=\"http:\/\/www.lucie-guyard.com\/blog\/voyage-au-pole-nord-en-photo\/\">Read More<\/a><\/p><\/div>\n                                                                    <\/div>\n                            <\/div>\n                            <div class=\"card-butt\"><p>&nbsp;<\/p><\/div>\n                        <\/div>\n                        <div id=\"post-8938\" class=\"entry masonry-entry span4\">\n                            <div class=\"entry-content\">\n                                <div class=\"featured-media-wrap ts-fade-in  ts-featured-media-standard\"><div class=\"featured-photo  yes\"><a href=\"http:\/\/www.lucie-guyard.com\/blog\/visite-de-shanghai-a-velo-avec-culture-shock\/\" class=\"featured-photo-link hover-color\"><img decoding=\"async\" src=\"http:\/\/www.lucie-guyard.com\/blog\/wp-content\/uploads\/2015\/09\/041-480x272.jpg\" alt=\"\" width=\"480\"\/><\/a><\/div>\n<\/div>  \n                                <div class=\"entry-content-inner\">\n                                    <div class=\"title-date\">\n                                        <div class=\"title-info\">                                    \n                                            <h4 class=\"title-h \"><a href=\"http:\/\/www.lucie-guyard.com\/blog\/visite-de-shanghai-a-velo-avec-culture-shock\/\">Visite de Shanghai \u00e0 v\u00e9lo avec Culture Shock<\/a><\/h4>\n                                                                                        <p class=\" smaller uppercase other\"><span class=\"meta-item meta-item-author\"><a href=\"http:\/\/www.lucie-guyard.com\/blog\/author\/laptiteluquiblog\/\">LaPtiteLu<\/a><\/span><span class=\"meta-item meta-item-date\">septembre 9<\/span><\/p>\n                                                                                    <\/div>\n                                    <\/div>\n                                    <div class=\"post\">                                        \n                                        <p class=\"\">J&rsquo;ai beau habiter \u00e0 Shanghai depuis 5 ans,\u00a0je n&rsquo;aurai jamais fini de d\u00e9couvrir de nouveaux endroits.&hellip;<\/p>\n                                    <\/div>\n                                                                        <div class=\"read-more mimic-smaller uppercase\"><p class=\" more-details\"><a href=\"http:\/\/www.lucie-guyard.com\/blog\/visite-de-shanghai-a-velo-avec-culture-shock\/\">Read More<\/a><\/p><\/div>\n                                                                    <\/div>\n                            <\/div>\n                            <div class=\"card-butt\"><p>&nbsp;<\/p><\/div>\n                        <\/div>\n                        <div id=\"post-8610\" class=\"entry masonry-entry span4\">\n                            <div class=\"entry-content\">\n                                <div class=\"featured-media-wrap ts-fade-in  ts-featured-media-standard\"><div class=\"featured-photo  yes\"><a href=\"http:\/\/www.lucie-guyard.com\/blog\/kinosaki-onsen-au-coeur-de-la-tradition-japonaise\/\" class=\"featured-photo-link hover-color\"><img decoding=\"async\" src=\"http:\/\/www.lucie-guyard.com\/blog\/wp-content\/uploads\/2015\/06\/cover10-1024x569-480x266.jpg\" alt=\"\" width=\"480\"\/><\/a><\/div>\n<\/div>  \n                                <div class=\"entry-content-inner\">\n                                    <div class=\"title-date\">\n                                        <div class=\"title-info\">                                    \n                                            <h4 class=\"title-h \"><a href=\"http:\/\/www.lucie-guyard.com\/blog\/kinosaki-onsen-au-coeur-de-la-tradition-japonaise\/\">Kinosaki Onsen, au c\u0153ur de la tradition japonaise<\/a><\/h4>\n                                                                                        <p class=\" smaller uppercase other\"><span class=\"meta-item meta-item-author\"><a href=\"http:\/\/www.lucie-guyard.com\/blog\/author\/laptiteluquiblog\/\">LaPtiteLu<\/a><\/span><span class=\"meta-item meta-item-date\">juillet 1<\/span><\/p>\n                                                                                    <\/div>\n                                    <\/div>\n                                    <div class=\"post\">                                        \n                                        <p class=\"\">La derni\u00e8re fois, je vous racontais notre petit s\u00e9jour \u00e0 Kyoto.\u00a0Aujourd&rsquo;hui je vais vous parler de K&hellip;<\/p>\n                                    <\/div>\n                                                                        <div class=\"read-more mimic-smaller uppercase\"><p class=\" more-details\"><a href=\"http:\/\/www.lucie-guyard.com\/blog\/kinosaki-onsen-au-coeur-de-la-tradition-japonaise\/\">Read More<\/a><\/p><\/div>\n                                                                    <\/div>\n                            <\/div>\n                            <div class=\"card-butt\"><p>&nbsp;<\/p><\/div>\n                        <\/div>\n                    <\/div>\n                    <div class=\"divider-shortcode divider\"><\/div><div class=\"pagination-wrap\"><p class=\"pagination clearfix\"><span class=\"subtle-text-color\"><i class=\"fa fa-angle-double-left\"><\/i><\/span><span class=\"subtle-text-color\"><i class=\"fa fa-angle-left\"><\/i><\/span><a href=\"http:\/\/www.lucie-guyard.com\/blog\/wp-json\/wp\/v2\/pages\/8044\/\" class=\"active\"><strong>1<\/strong><\/a><a href=\"http:\/\/www.lucie-guyard.com\/blog\/wp-json\/wp\/v2\/pages\/8044\/page\/2\/\" class=\"\">2<\/a><a href=\"http:\/\/www.lucie-guyard.com\/blog\/wp-json\/wp\/v2\/pages\/8044\/page\/3\/\" class=\"\">3<\/a><a href=\"http:\/\/www.lucie-guyard.com\/blog\/wp-json\/wp\/v2\/pages\/8044\/page\/2\/\" ><i class=\"fa fa-angle-right\"><\/i><\/a><a href=\"http:\/\/www.lucie-guyard.com\/blog\/wp-json\/wp\/v2\/pages\/8044\/page\/10\/\"><i class=\"fa fa-angle-double-right\"><\/i><\/a><\/p><\/div>                <\/div>\n\n\n<!-- Facebook Like Button Vivacity Infotech BEGIN -->\n<div class=\"fb-like\" data-href=\"http:\/\/www.lucie-guyard.com\/blog\/voyages\/\" data-layout=\"standard\" data-action=\"like\" data-show-faces=\"false\" data-size=\"small\" data-width=\"450\" data-share=\"\" ><\/div>\n<!-- Facebook Like Button Vivacity Infotech END -->\n","protected":false},"excerpt":{"rendered":"","protected":false},"author":1,"featured_media":0,"parent":0,"menu_order":3,"comment_status":"open","ping_status":"closed","template":"","meta":{"footnotes":""},"class_list":["post-8044","page","type-page","status-publish","hentry"],"_links":{"self":[{"href":"http:\/\/www.lucie-guyard.com\/blog\/wp-json\/wp\/v2\/pages\/8044","targetHints":{"allow":["GET"]}}],"collection":[{"href":"http:\/\/www.lucie-guyard.com\/blog\/wp-json\/wp\/v2\/pages"}],"about":[{"href":"http:\/\/www.lucie-guyard.com\/blog\/wp-json\/wp\/v2\/types\/page"}],"author":[{"embeddable":true,"href":"http:\/\/www.lucie-guyard.com\/blog\/wp-json\/wp\/v2\/users\/1"}],"replies":[{"embeddable":true,"href":"http:\/\/www.lucie-guyard.com\/blog\/wp-json\/wp\/v2\/comments?post=8044"}],"version-history":[{"count":0,"href":"http:\/\/www.lucie-guyard.com\/blog\/wp-json\/wp\/v2\/pages\/8044\/revisions"}],"wp:attachment":[{"href":"http:\/\/www.lucie-guyard.com\/blog\/wp-json\/wp\/v2\/media?parent=8044"}],"curies":[{"name":"wp","href":"https:\/\/api.w.org\/{rel}","templated":true}]}}